{"id":495,"date":"2021-12-05T08:06:58","date_gmt":"2021-12-05T10:06:58","guid":{"rendered":"http:\/\/adle.kaunokolegija.lt\/en\/?page_id=495"},"modified":"2025-12-10T04:43:45","modified_gmt":"2025-12-10T06:43:45","slug":"art-exhibitions","status":"publish","type":"page","link":"https:\/\/adle.kaunokolegija.lt\/en\/art-exhibitions\/","title":{"rendered":"Exhibitions"},"content":{"rendered":"<div id=\"attachment_1272\" style=\"width: 560px\" class=\"wp-caption alignleft\"><img loading=\"lazy\" decoding=\"async\" aria-describedby=\"caption-attachment-1272\" class=\"wp-image-1272\" src=\"http:\/\/adle.kaunokolegija.lt\/en\/wp-content\/uploads\/sites\/3\/2025\/12\/Viktorija-Anskaitiene-Air-Architecture-I-_\u201eOro-architektura-I-2025-m-scaled.jpg\" alt=\"\" width=\"550\" height=\"824\" srcset=\"https:\/\/adle.kaunokolegija.lt\/en\/wp-content\/uploads\/sites\/3\/2025\/12\/Viktorija-Anskaitiene-Air-Architecture-I-_\u201eOro-architektura-I-2025-m-scaled.jpg 1709w, https:\/\/adle.kaunokolegija.lt\/en\/wp-content\/uploads\/sites\/3\/2025\/12\/Viktorija-Anskaitiene-Air-Architecture-I-_\u201eOro-architektura-I-2025-m-200x300.jpg 200w, https:\/\/adle.kaunokolegija.lt\/en\/wp-content\/uploads\/sites\/3\/2025\/12\/Viktorija-Anskaitiene-Air-Architecture-I-_\u201eOro-architektura-I-2025-m-683x1024.jpg 683w, https:\/\/adle.kaunokolegija.lt\/en\/wp-content\/uploads\/sites\/3\/2025\/12\/Viktorija-Anskaitiene-Air-Architecture-I-_\u201eOro-architektura-I-2025-m-768x1151.jpg 768w, https:\/\/adle.kaunokolegija.lt\/en\/wp-content\/uploads\/sites\/3\/2025\/12\/Viktorija-Anskaitiene-Air-Architecture-I-_\u201eOro-architektura-I-2025-m-1025x1536.jpg 1025w, https:\/\/adle.kaunokolegija.lt\/en\/wp-content\/uploads\/sites\/3\/2025\/12\/Viktorija-Anskaitiene-Air-Architecture-I-_\u201eOro-architektura-I-2025-m-1367x2048.jpg 1367w\" sizes=\"auto, (max-width: 550px) 100vw, 550px\" \/><p id=\"caption-attachment-1272\" class=\"wp-caption-text\">Viktorija Anskaitien\u0117: &#8220;Air Architecture&#8221; (2025)<\/p><\/div>\n<h3 style=\"text-align: justify;\"><span style=\"color: #008080;\"><strong>Contours of the Future<\/strong><\/span><\/h3>\n<p style=\"text-align: justify;\">The International Scientific Conference ADLES Powered by UNINOVIS 2025. Art, Design, Languages, Education and Social Work: Innovations in Theory and Practice (ADLES 2025), organised this year in collaboration with the European university alliance UNINOVIS, is traditionally accompanied by a virtual exhibition of visual art and design.<\/p>\n<p style=\"text-align: justify;\">Academics, business representatives, and artists from various countries gathered at the ADLES 2025 conference to present innovative practices, discuss cross-sectoral challenges, and develop advanced digital solutions. Participants from Lithuania, Latvia, and Turkey look to the future in their artworks of painting, graphic art, computer graphics, textile, and sculptural objects, as well as in fashion design works, and reflect on human responsibility, choices, and (creative) freedom in the virtual exhibition &#8220;Contours of the Future&#8221;.<\/p>\n<p style=\"text-align: justify;\">The participants in the exhibition encourage viewers to step back from everyday life and view their surroundings and themselves from a bird&#8217;s-eye perspective, reflecting on the fact that the future is not predetermined \u2013 we create it through our individual and collective choices. Every decision we make shapes the future. The artists aim to engage the viewer in a dialogue about the kind of future we want, encouraging them to reflect not only on the vision but also on the importance of actions and choices in creating it. The artists gently remind us that we must pause and realise the need for inner balance, which allows us to avoid &#8220;falling apart&#8221; so that we can create.<\/p>\n<p style=\"text-align: justify;\">We are delighted that representatives from Istanbul Aydin University \u2013 dr Sevim Aydin\u00e7 B\u00f6lat, Nihal Bolkol, dr. Emine Eryazici and Muhsine G\u00fclg\u00fcn Tekin are participating in this year&#8217;s exhibition. Their artworks emphasise the importance of creativity as a fundamental of human existence. And artist Ineta Grei\u017ea, a graduate of the Art Academy of Latvia, who is participating in the exhibition accompanying the conference for the first time, encourages viewers to reflect on how much awareness, responsibility, and effort are needed not only to have, but also to be able to maintain such precious (creative) freedom.<\/p>\n<p style=\"text-align: justify;\">The virtual exhibition &#8220;Contours of the Future&#8221; becomes a space for dialogue between artists and viewers about each of our decisions, responsibilities, and freedom.<\/p>\n<p style=\"text-align: justify;\"><span style=\"color: #008080;\"><strong>Exhibition Participants<\/strong>:<\/span> Egl\u0117 Aleknait\u0117 (LT), Viktorija Anskaitien\u0117 (LT), dr. Sevim Aydin\u00e7 B\u00f6lat (TR), Nihal Bolkol (TR), Sigut\u0117 Bronickien\u0117 (LT), dr. Emine Eryazici (TR), Jolanta Galdikait\u0117 (LT), Lolita Grabauskien\u0117 (LT), Sigita Grabliauskait\u0117 (LT), Ineta Grei\u017ea (LV), Gintar\u0117 Jara\u0161ien\u0117 (LT), Alvydas Jonaitis (LT), dr. K\u0119stutis Lekeckas (LT), Laima Numavi\u010d\u0117 (LT), Art\u016bras Rimkevi\u010dius (LT), Laura Slavinskait\u0117 (LT), Neringa \u0160iupinskien\u0117 (LT), Birut\u0117 \u0160le\u017eien\u0117 (LT), Muhsine G\u00fclg\u00fcn Tekin (TR), Rolandas Vi\u010dys (LT)<\/p>\n<p style=\"text-align: justify;\"><span style=\"color: #008080;\"><strong>Exhibition Curator<\/strong>:<\/span> Ain\u0117 Jacyt\u0117, Faculty of Arts and Education of Kauno kolegija HEI<\/p>\n<p style=\"text-align: justify;\"><span style=\"color: #008080;\"><strong>Exhibition Design<\/strong>:<\/span> Juozas Dundulis, Faculty of Arts and Education of Kauno kolegija HEI<\/p>\n<p><a class=\"fasc-button fasc-size-medium fasc-type-flat fasc-style-bold\" style=\"background-color: #33809e; color: #ffffff;\" target=\"_blank\" href=\"https:\/\/adle.kaunokolegija.lt\/Ateities%20konturai\/\">Exhibition Link<\/a><\/p>\n","protected":false},"excerpt":{"rendered":"<p>Contours of the Future The International Scientific Conference ADLES Powered by UNINOVIS 2025. Art, Design, [&hellip;]<\/p>\n","protected":false},"author":1,"featured_media":0,"parent":0,"menu_order":0,"comment_status":"closed","ping_status":"closed","template":"","meta":{"footnotes":""},"class_list":["post-495","page","type-page","status-publish","hentry"],"_links":{"self":[{"href":"https:\/\/adle.kaunokolegija.lt\/en\/wp-json\/wp\/v2\/pages\/495","targetHints":{"allow":["GET"]}}],"collection":[{"href":"https:\/\/adle.kaunokolegija.lt\/en\/wp-json\/wp\/v2\/pages"}],"about":[{"href":"https:\/\/adle.kaunokolegija.lt\/en\/wp-json\/wp\/v2\/types\/page"}],"author":[{"embeddable":true,"href":"https:\/\/adle.kaunokolegija.lt\/en\/wp-json\/wp\/v2\/users\/1"}],"replies":[{"embeddable":true,"href":"https:\/\/adle.kaunokolegija.lt\/en\/wp-json\/wp\/v2\/comments?post=495"}],"version-history":[{"count":33,"href":"https:\/\/adle.kaunokolegija.lt\/en\/wp-json\/wp\/v2\/pages\/495\/revisions"}],"predecessor-version":[{"id":1274,"href":"https:\/\/adle.kaunokolegija.lt\/en\/wp-json\/wp\/v2\/pages\/495\/revisions\/1274"}],"wp:attachment":[{"href":"https:\/\/adle.kaunokolegija.lt\/en\/wp-json\/wp\/v2\/media?parent=495"}],"curies":[{"name":"wp","href":"https:\/\/api.w.org\/{rel}","templated":true}]}}