{"id":46,"date":"2020-02-03T10:10:41","date_gmt":"2020-02-03T12:10:41","guid":{"rendered":"http:\/\/adle.kaunokolegija.lt\/en\/?page_id=46"},"modified":"2025-10-10T08:19:12","modified_gmt":"2025-10-10T10:19:12","slug":"about-conference","status":"publish","type":"page","link":"https:\/\/adle.kaunokolegija.lt\/en\/about-conference\/","title":{"rendered":"About Conference"},"content":{"rendered":"<h2 style=\"text-align: center;\"><strong><span style=\"color: #008080;\">Art, Design, Languages, Education and Social Work: <\/span><\/strong><strong><span style=\"color: #008080;\">Innovations in Theory and Practice<\/span><\/strong><\/h2>\n<h3 style=\"text-align: center;\"><span style=\"color: #008080;\">International Scientific Conference<\/span><\/h3>\n<p>&nbsp;<\/p>\n<p><img loading=\"lazy\" decoding=\"async\" class=\"aligncenter wp-image-1155\" src=\"https:\/\/adle.kaunokolegija.lt\/en\/wp-content\/uploads\/sites\/3\/2025\/07\/powered-by-2-1-scaled.jpg\" alt=\"\" width=\"1500\" height=\"263\" srcset=\"https:\/\/adle.kaunokolegija.lt\/en\/wp-content\/uploads\/sites\/3\/2025\/07\/powered-by-2-1-scaled.jpg 2560w, https:\/\/adle.kaunokolegija.lt\/en\/wp-content\/uploads\/sites\/3\/2025\/07\/powered-by-2-1-300x53.jpg 300w, https:\/\/adle.kaunokolegija.lt\/en\/wp-content\/uploads\/sites\/3\/2025\/07\/powered-by-2-1-1024x179.jpg 1024w, https:\/\/adle.kaunokolegija.lt\/en\/wp-content\/uploads\/sites\/3\/2025\/07\/powered-by-2-1-768x135.jpg 768w, https:\/\/adle.kaunokolegija.lt\/en\/wp-content\/uploads\/sites\/3\/2025\/07\/powered-by-2-1-1536x269.jpg 1536w, https:\/\/adle.kaunokolegija.lt\/en\/wp-content\/uploads\/sites\/3\/2025\/07\/powered-by-2-1-2048x359.jpg 2048w\" sizes=\"auto, (max-width: 1500px) 100vw, 1500px\" \/><\/p>\n<hr \/>\n<h4 style=\"text-align: justify;\"><span style=\"font-weight: 400; color: #333333;\"><span style=\"color: #008080;\"><strong>ADLES 2025 (Art, Design, Languages, Education, and Social Work: Innovations in Theory and Practice)<\/strong><\/span> is a dynamic, interdisciplinary conference hosted by <span style=\"color: #0000ff;\"><a style=\"color: #0000ff;\" href=\"https:\/\/www.kaunokolegija.lt\/en\/\" target=\"_blank\" rel=\"noopener\"><strong>Kauno Kolegija HEI<\/strong><\/a><\/span>, Faculty of Arts and Education.<\/span><\/h4>\n<h4 style=\"text-align: justify;\"><span style=\"color: #333333;\"><span style=\"font-weight: 400;\">This year\u2019s edition is proudly powered by the <\/span><span style=\"color: #0000ff;\"><a style=\"color: #0000ff;\" href=\"https:\/\/uninovis.eu\/\" target=\"_blank\" rel=\"noopener\"><strong>UNINOVIS<\/strong><\/a><\/span><span style=\"font-weight: 400;\"> Alliance, activating all of its members via relevant work packages &#8211; and fully embraces its vision of future-facing, digitally empowered higher education in Europe. It complements ongoing work in terms of Innovative Learning, Social Inclusion, and Dissemination.<\/span><\/span><\/h4>\n<h4 style=\"text-align: justify;\"><span style=\"font-weight: 400; color: #333333;\">Bringing together academics, educators, researchers, practitioners, professionals, labour market partners, policy-makers, and artists from across Europe (and beyond), the conference aims to provide a platform for presenting innovative practices, addressing cross-sectoral challenges, and advancing digitally integrated methodologies across different fields of science and practice.<\/span><\/h4>\n<h4 style=\"text-align: justify;\"><span style=\"color: #333333;\"><span style=\"font-weight: 400;\">The event will be held on <\/span><b><span style=\"color: #008080;\">December 11\u201312, 2025<\/span>, <\/b><span style=\"font-weight: 400;\">as a hybrid event \u2014 both on-site in Kaunas and online. Day 1 will feature the main conference programme, open to all participants and centered on key thematic sessions. Day 2 will host <\/span><span style=\"color: #008080;\"><b>the UNINOVIS Innovation Hub: Bridging Research and Practice<\/b><\/span><span style=\"font-weight: 400;\">, an interactive session primarily intended for members and affiliates of the UNINOVIS Alliance. However, other participants who are interested in joining the Day 2 roundtable are warmly invited to express their interest by contacting the organizers via email: <\/span><a style=\"color: #333333;\" href=\"mailto:adles@go.kauko.lt\"><span style=\"font-weight: 400;\">adles@go.kauko.lt<\/span><\/a><span style=\"font-weight: 400;\">\u00a0<\/span><\/span><\/h4>\n<h4><strong>Reception for international guests \u2013 December 10 (afternoon). Program details and invitations will follow.<\/strong><\/h4>\n<p><img loading=\"lazy\" decoding=\"async\" class=\"aligncenter size-full wp-image-1161\" src=\"https:\/\/adle.kaunokolegija.lt\/en\/wp-content\/uploads\/sites\/3\/2025\/07\/registracija-top-1-scaled.jpg\" alt=\"\" width=\"2560\" height=\"635\" srcset=\"https:\/\/adle.kaunokolegija.lt\/en\/wp-content\/uploads\/sites\/3\/2025\/07\/registracija-top-1-scaled.jpg 2560w, https:\/\/adle.kaunokolegija.lt\/en\/wp-content\/uploads\/sites\/3\/2025\/07\/registracija-top-1-300x74.jpg 300w, https:\/\/adle.kaunokolegija.lt\/en\/wp-content\/uploads\/sites\/3\/2025\/07\/registracija-top-1-1024x254.jpg 1024w, https:\/\/adle.kaunokolegija.lt\/en\/wp-content\/uploads\/sites\/3\/2025\/07\/registracija-top-1-768x190.jpg 768w, https:\/\/adle.kaunokolegija.lt\/en\/wp-content\/uploads\/sites\/3\/2025\/07\/registracija-top-1-1536x381.jpg 1536w, https:\/\/adle.kaunokolegija.lt\/en\/wp-content\/uploads\/sites\/3\/2025\/07\/registracija-top-1-2048x508.jpg 2048w\" sizes=\"auto, (max-width: 2560px) 100vw, 2560px\" \/><\/p>\n<hr \/>\n\t\t\t\t\t\t<style>\r\n\t\t\t\t<style>\r\n#wpsm_accordion_378 .wpsm_panel-heading{\r\n\tpadding:0px !important;\r\n}\r\n#wpsm_accordion_378 .wpsm_panel-title {\r\n\tmargin:0px !important; \r\n\ttext-transform:none !important;\r\n\tline-height: 1 !important;\r\n}\r\n#wpsm_accordion_378 .wpsm_panel-title a{\r\n\ttext-decoration:none;\r\n\toverflow:hidden;\r\n\tdisplay:block;\r\n\tpadding:0px;\r\n\tfont-size: 18px !important;\r\n\tfont-family: Open Sans !important;\r\n\tcolor:#000000 !important;\r\n\tborder-bottom:0px !important;\r\n}\r\n\r\n#wpsm_accordion_378 .wpsm_panel-title a:focus {\r\noutline: 0px !important;\r\n}\r\n\r\n#wpsm_accordion_378 .wpsm_panel-title a:hover, #wpsm_accordion_378 .wpsm_panel-title a:focus {\r\n\tcolor:#000000 !important;\r\n}\r\n#wpsm_accordion_378 .acc-a{\r\n\tcolor: #000000 !important;\r\n\tbackground-color:#e8e8e8 !important;\r\n\tborder-color: #ddd;\r\n}\r\n#wpsm_accordion_378 .wpsm_panel-default > .wpsm_panel-heading{\r\n\tcolor: #000000 !important;\r\n\tbackground-color: #e8e8e8 !important;\r\n\tborder-color: #e8e8e8 !important;\r\n\tborder-top-left-radius: 0px;\r\n\tborder-top-right-radius: 0px;\r\n}\r\n#wpsm_accordion_378 .wpsm_panel-default {\r\n\t\tborder:1px solid transparent !important;\r\n\t}\r\n#wpsm_accordion_378 {\r\n\tmargin-bottom: 20px;\r\n\toverflow: hidden;\r\n\tfloat: none;\r\n\twidth: 100%;\r\n\tdisplay: block;\r\n}\r\n#wpsm_accordion_378 .ac_title_class{\r\n\tdisplay: block;\r\n\tpadding-top: 12px;\r\n\tpadding-bottom: 12px;\r\n\tpadding-left: 15px;\r\n\tpadding-right: 15px;\r\n}\r\n#wpsm_accordion_378  .wpsm_panel {\r\n\toverflow:hidden;\r\n\t-webkit-box-shadow: 0 0px 0px rgba(0, 0, 0, .05);\r\n\tbox-shadow: 0 0px 0px rgba(0, 0, 0, .05);\r\n\t\tborder-radius: 4px;\r\n\t}\r\n#wpsm_accordion_378  .wpsm_panel + .wpsm_panel {\r\n\t\tmargin-top: 5px;\r\n\t}\r\n#wpsm_accordion_378  .wpsm_panel-body{\r\n\tbackground-color:#ffffff !important;\r\n\tcolor:#000000 !important;\r\n\tborder-top-color: #e8e8e8 !important;\r\n\tfont-size:16px !important;\r\n\tfont-family: Open Sans !important;\r\n\toverflow: hidden;\r\n\t\tborder: 2px solid #e8e8e8 !important;\r\n\t}\r\n\r\n#wpsm_accordion_378 .ac_open_cl_icon{\r\n\tbackground-color:#e8e8e8 !important;\r\n\tcolor: #000000 !important;\r\n\tfloat:right !important;\r\n\tpadding-top: 12px !important;\r\n\tpadding-bottom: 12px !important;\r\n\tline-height: 1.0 !important;\r\n\tpadding-left: 15px !important;\r\n\tpadding-right: 15px !important;\r\n\tdisplay: inline-block !important;\r\n}\r\n\r\n\t\t\t\r\n\t\t\t<\/style>\t\r\n\t\t\t<\/style>\r\n\t\t\t<div class=\"wpsm_panel-group\" id=\"wpsm_accordion_378\" >\r\n\t\t\t\t\t\t\t\t\r\n\t\t\t\t\t<!-- Inner panel Start -->\r\n\t\t\t\t\t<div class=\"wpsm_panel wpsm_panel-default\">\r\n\t\t\t\t\t\t<div class=\"wpsm_panel-heading\" role=\"tab\" >\r\n\t\t\t\t\t\t  <h4 class=\"wpsm_panel-title\">\r\n\t\t\t\t\t\t\t<a  class=\"\"  data-toggle=\"collapse\" data-parent=\"#wpsm_accordion_378 \" href=\"javascript:void(0)\" data-target=\"#ac_378_collapse1\" onclick=\"do_resize()\">\r\n\t\t\t\t\t\t\t\t\t\t\t\t\t\t\t\t\t<span class=\"ac_open_cl_icon fa fa-minus\"><\/span>\r\n\t\t\t\t\t\t\t\t\t\r\n\t\t\t\t\t\t\t\t \r\n\t\t\t\t\t\t\t\t<span class=\"ac_title_class\">\r\n\t\t\t\t\t\t\t\t\t\t\t\t\t\t\t\t\t\t\t\t<span style=\"margin-right:6px;\" class=\"fa fa-list-ul\"><\/span>\r\n\t\t\t\t\t\t\t\t\tConference Themes and Topics\t\t\t\t\t\t\t\t<\/span>\r\n\t\t\t\t\t\t\t<\/a>\r\n\t\t\t\t\t\t  <\/h4>\r\n\t\t\t\t\t\t<\/div>\r\n\t\t\t\t\t\t<div id=\"ac_378_collapse1\" class=\"wpsm_panel-collapse collapse in\"  >\r\n\t\t\t\t\t\t  <div class=\"wpsm_panel-body\">\r\n\t\t\t\t\t\t\t\n<table id=\"tablepress-10\" class=\"tablepress tablepress-id-10\">\n<tbody class=\"row-hover\">\n<tr class=\"row-1\">\n\t<td class=\"column-1\"><span style=\"color: #2b8c87;\"><strong>Digital Trends &amp; Threats in Language &amp; Translation Studies <\/strong><\/span><br \/>\n\u25ba Language Data Privacy and Security in Digital Tools<br \/>\n\u25ba Digital Inequality and Access in Language Learning and Translation<br \/>\n\u25ba The Role of Human Translators in an AI-Dominated Landscape<br \/>\n\u25ba Plagiarism, Authorship, and Originality in the Age of Generative Text<br \/>\n<br \/>\n<\/td>\n<\/tr>\n<tr class=\"row-2\">\n\t<td class=\"column-1\"><span style=\"color: #2b8c87;\"><strong>ArtTech, Creativity &amp; Critical Digital Thinking<\/strong><\/span><br \/>\n\u25ba Designing Virtual Museum Experiences: Digital Engagement with the Arts<br \/>\n\u25ba Crowd-sourcing Art Criticism: Revising the Taste-making Process<br \/>\n\u25ba Exploring Generative AI in Art Practice: Futures and Their Possible Representation<br \/>\n<br \/>\n<\/td>\n<\/tr>\n<tr class=\"row-3\">\n\t<td class=\"column-1\"><span style=\"color: #2b8c87;\"><strong>Inclusivity, Diversity &amp; Design in the Digital Sphere<\/strong><\/span><br \/>\n\u25ba Exploring Identity through Digital Fashion Tech and 3D Modeling<br \/>\n\u25ba Inclusive Fashion Design in Virtual Environments<br \/>\n\u25ba Cultural Appreciation and Appropriation in Digital Fashion<br \/>\n\u25ba AI in Fashion Trend Forecasting <br \/>\n<br \/>\n<\/td>\n<\/tr>\n<tr class=\"row-4\">\n\t<td class=\"column-1\"><span style=\"color: #2b8c87;\"><strong>Digital Pedagogies in Education<\/strong><\/span><br \/>\n\u25ba Play-based Digital Learning <br \/>\n\u25ba Fostering Inclusion with Digital Portfolios in Early Childhood Education<br \/>\n\u25ba Teacher Agency and Digital Competence in the Early Years<br \/>\n<br \/>\n<\/td>\n<\/tr>\n<tr class=\"row-5\">\n\t<td class=\"column-1\"><span style=\"color: #2b8c87;\"><strong>Social Work in a Digitally Transforming Society<\/strong><\/span><br \/>\n\u25ba Digital Empowerment and Inclusion for Marginalized Communities<br \/>\n\u25ba Training the Digital Social Worker: Competencies for the Future<br \/>\n\u25ba Crisis Support and Mental Health in the Digital Age<br \/>\n\u25ba Digital Inclusion as a Social Justice Imperative<br \/>\n<\/td>\n<\/tr>\n<\/tbody>\n<\/table>\n<!-- #tablepress-10 from cache -->\t\t\t\t\t\t  <\/div>\r\n\t\t\t\t\t\t<\/div>\r\n\t\t\t\t\t<\/div>\r\n\t\t\t\t\t<!-- Inner panel End -->\r\n\t\t\t\t\t\r\n\t\t\t\t\t\t\t<\/div>\r\n\t\t\t\r\n<script type=\"text\/javascript\">\r\n\t\r\n\t\tfunction do_resize(){\r\n\r\n\t\t\tvar width=jQuery( '.wpsm_panel .wpsm_panel-body iframe' ).width();\r\n\t\t\tvar height=jQuery( '.wpsm_panel .wpsm_panel-body iframe' ).height();\r\n\r\n\t\t\tvar toggleSize = true;\r\n\t\t\tjQuery('iframe').animate({\r\n\t\t\t    width: toggleSize ? width : 640,\r\n\t\t\t    height: toggleSize ? height : 360\r\n\t\t\t  }, 250);\r\n\r\n\t\t\t  toggleSize = !toggleSize;\r\n\t\t}\r\n\t\t\r\n<\/script>\t\n\t\t\t\t\t\t<style>\r\n\t\t\t\t<style>\r\n#wpsm_accordion_380 .wpsm_panel-heading{\r\n\tpadding:0px !important;\r\n}\r\n#wpsm_accordion_380 .wpsm_panel-title {\r\n\tmargin:0px !important; \r\n\ttext-transform:none !important;\r\n\tline-height: 1 !important;\r\n}\r\n#wpsm_accordion_380 .wpsm_panel-title a{\r\n\ttext-decoration:none;\r\n\toverflow:hidden;\r\n\tdisplay:block;\r\n\tpadding:0px;\r\n\tfont-size: 18px !important;\r\n\tfont-family: Open Sans !important;\r\n\tcolor:#000000 !important;\r\n\tborder-bottom:0px !important;\r\n}\r\n\r\n#wpsm_accordion_380 .wpsm_panel-title a:focus {\r\noutline: 0px !important;\r\n}\r\n\r\n#wpsm_accordion_380 .wpsm_panel-title a:hover, #wpsm_accordion_380 .wpsm_panel-title a:focus {\r\n\tcolor:#000000 !important;\r\n}\r\n#wpsm_accordion_380 .acc-a{\r\n\tcolor: #000000 !important;\r\n\tbackground-color:#e8e8e8 !important;\r\n\tborder-color: #ddd;\r\n}\r\n#wpsm_accordion_380 .wpsm_panel-default > .wpsm_panel-heading{\r\n\tcolor: #000000 !important;\r\n\tbackground-color: #e8e8e8 !important;\r\n\tborder-color: #e8e8e8 !important;\r\n\tborder-top-left-radius: 0px;\r\n\tborder-top-right-radius: 0px;\r\n}\r\n#wpsm_accordion_380 .wpsm_panel-default {\r\n\t\tborder:1px solid transparent !important;\r\n\t}\r\n#wpsm_accordion_380 {\r\n\tmargin-bottom: 20px;\r\n\toverflow: hidden;\r\n\tfloat: none;\r\n\twidth: 100%;\r\n\tdisplay: block;\r\n}\r\n#wpsm_accordion_380 .ac_title_class{\r\n\tdisplay: block;\r\n\tpadding-top: 12px;\r\n\tpadding-bottom: 12px;\r\n\tpadding-left: 15px;\r\n\tpadding-right: 15px;\r\n}\r\n#wpsm_accordion_380  .wpsm_panel {\r\n\toverflow:hidden;\r\n\t-webkit-box-shadow: 0 0px 0px rgba(0, 0, 0, .05);\r\n\tbox-shadow: 0 0px 0px rgba(0, 0, 0, .05);\r\n\t\tborder-radius: 4px;\r\n\t}\r\n#wpsm_accordion_380  .wpsm_panel + .wpsm_panel {\r\n\t\tmargin-top: 5px;\r\n\t}\r\n#wpsm_accordion_380  .wpsm_panel-body{\r\n\tbackground-color:#ffffff !important;\r\n\tcolor:#000000 !important;\r\n\tborder-top-color: #e8e8e8 !important;\r\n\tfont-size:16px !important;\r\n\tfont-family: Open Sans !important;\r\n\toverflow: hidden;\r\n\t\tborder: 2px solid #e8e8e8 !important;\r\n\t}\r\n\r\n#wpsm_accordion_380 .ac_open_cl_icon{\r\n\tbackground-color:#e8e8e8 !important;\r\n\tcolor: #000000 !important;\r\n\tfloat:right !important;\r\n\tpadding-top: 12px !important;\r\n\tpadding-bottom: 12px !important;\r\n\tline-height: 1.0 !important;\r\n\tpadding-left: 15px !important;\r\n\tpadding-right: 15px !important;\r\n\tdisplay: inline-block !important;\r\n}\r\n\r\n\t\t\t\r\n\t\t\t<\/style>\t\r\n\t\t\t<\/style>\r\n\t\t\t<div class=\"wpsm_panel-group\" id=\"wpsm_accordion_380\" >\r\n\t\t\t\t\t\t\t\t\r\n\t\t\t\t\t<!-- Inner panel Start -->\r\n\t\t\t\t\t<div class=\"wpsm_panel wpsm_panel-default\">\r\n\t\t\t\t\t\t<div class=\"wpsm_panel-heading\" role=\"tab\" >\r\n\t\t\t\t\t\t  <h4 class=\"wpsm_panel-title\">\r\n\t\t\t\t\t\t\t<a  class=\"\"  data-toggle=\"collapse\" data-parent=\"#wpsm_accordion_380 \" href=\"javascript:void(0)\" data-target=\"#ac_380_collapse1\" onclick=\"do_resize()\">\r\n\t\t\t\t\t\t\t\t\t\t\t\t\t\t\t\t\t<span class=\"ac_open_cl_icon fa fa-minus\"><\/span>\r\n\t\t\t\t\t\t\t\t\t\r\n\t\t\t\t\t\t\t\t \r\n\t\t\t\t\t\t\t\t<span class=\"ac_title_class\">\r\n\t\t\t\t\t\t\t\t\t\t\t\t\t\t\t\t\t\t\t\t<span style=\"margin-right:6px;\" class=\"fa fa-list-ul\"><\/span>\r\n\t\t\t\t\t\t\t\t\tScientific Committee\t\t\t\t\t\t\t\t<\/span>\r\n\t\t\t\t\t\t\t<\/a>\r\n\t\t\t\t\t\t  <\/h4>\r\n\t\t\t\t\t\t<\/div>\r\n\t\t\t\t\t\t<div id=\"ac_380_collapse1\" class=\"wpsm_panel-collapse collapse in\"  >\r\n\t\t\t\t\t\t  <div class=\"wpsm_panel-body\">\r\n\t\t\t\t\t\t\t\n<table id=\"tablepress-41\" class=\"tablepress tablepress-id-41\">\n<thead>\n<tr class=\"row-1\">\n\t<th class=\"column-1\"><strong>Dr Marijana Prodanovic, Kauno kolegija HEI (chairperson)<\/strong><\/th>\n<\/tr>\n<\/thead>\n<tbody class=\"row-hover\">\n<tr class=\"row-2\">\n\t<td class=\"column-1\"><span style=\"color: #008080;\"> <em>Dr Au\u0161ra Rimkut\u0117-Ganusauskien\u0117<\/em><\/span>, Kauno kolegija HEI<\/td>\n<\/tr>\n<tr class=\"row-3\">\n\t<td class=\"column-1\"><span style=\"color: #008080;\"><em>Dr Ram\u016bnas \u010ci\u010delis<\/em><\/span>, Kauno kolegija, HEI<\/td>\n<\/tr>\n<tr class=\"row-4\">\n\t<td class=\"column-1\"><span style=\"color: #008080;\"> <em>Dr K\u0119stutis Lekeckas<\/em><\/span>, Kauno kolegija HEI<\/td>\n<\/tr>\n<tr class=\"row-5\">\n\t<td class=\"column-1\"><span style=\"color: #008080;\"><em>Dr Jeffrey Michael Taylor<\/em><\/span>, Kauno kolegija HEI<\/td>\n<\/tr>\n<tr class=\"row-6\">\n\t<td class=\"column-1\"><span style=\"color: #008080;\"><em>Dr Valentina Demidenko<\/em><\/span>, Kauno kolegija HEI<\/td>\n<\/tr>\n<tr class=\"row-7\">\n\t<td class=\"column-1\"><span style=\"color: #008080;\"><em>Dr Jovita Starkut\u0117<\/em><\/span>, Kauno kolegija HEI<\/td>\n<\/tr>\n<tr class=\"row-8\">\n\t<td class=\"column-1\"><span style=\"color: #008080;\"><em>Dr Salom\u0117ja Karasevi\u010di\u016bt\u0117<\/em><\/span>, Kauno kolegija HEI<\/td>\n<\/tr>\n<tr class=\"row-9\">\n\t<td class=\"column-1\"><span style=\"color: #008080;\"><em>Dr Daniela Hasa<\/em><\/span>, University of Tirana<\/td>\n<\/tr>\n<tr class=\"row-10\">\n\t<td class=\"column-1\"><span style=\"color: #008080;\"><em>Dr Maria Bego\u00f1a Crespo Garcia<\/em><\/span>, University of A Coru\u00f1a<\/td>\n<\/tr>\n<tr class=\"row-11\">\n\t<td class=\"column-1\"><span style=\"color: #008080;\"><em>Dr Ignacio Moreno-Torres<\/em><\/span>, University of M\u00e1laga<\/td>\n<\/tr>\n<tr class=\"row-12\">\n\t<td class=\"column-1\"><span style=\"color: #008080;\"><em>Dr Miriam Seghiri<\/em><\/span>, University of M\u00e1laga<\/td>\n<\/tr>\n<\/tbody>\n<tfoot>\n<tr class=\"row-13\">\n\t<td class=\"column-1\"><\/td>\n<\/tr>\n<\/tfoot>\n<\/table>\n<!-- #tablepress-41 from cache -->\t\t\t\t\t\t  <\/div>\r\n\t\t\t\t\t\t<\/div>\r\n\t\t\t\t\t<\/div>\r\n\t\t\t\t\t<!-- Inner panel End -->\r\n\t\t\t\t\t\r\n\t\t\t\t\t\t\t<\/div>\r\n\t\t\t\r\n<script type=\"text\/javascript\">\r\n\t\r\n\t\tfunction do_resize(){\r\n\r\n\t\t\tvar width=jQuery( '.wpsm_panel .wpsm_panel-body iframe' ).width();\r\n\t\t\tvar height=jQuery( '.wpsm_panel .wpsm_panel-body iframe' ).height();\r\n\r\n\t\t\tvar toggleSize = true;\r\n\t\t\tjQuery('iframe').animate({\r\n\t\t\t    width: toggleSize ? width : 640,\r\n\t\t\t    height: toggleSize ? height : 360\r\n\t\t\t  }, 250);\r\n\r\n\t\t\t  toggleSize = !toggleSize;\r\n\t\t}\r\n\t\t\r\n<\/script>\t\n<p><img loading=\"lazy\" decoding=\"async\" class=\"aligncenter wp-image-1189 size-full\" src=\"https:\/\/adle.kaunokolegija.lt\/en\/wp-content\/uploads\/sites\/3\/2025\/09\/20250530_134315.jpg\" alt=\"\" width=\"1997\" height=\"1051\" srcset=\"https:\/\/adle.kaunokolegija.lt\/en\/wp-content\/uploads\/sites\/3\/2025\/09\/20250530_134315.jpg 1997w, https:\/\/adle.kaunokolegija.lt\/en\/wp-content\/uploads\/sites\/3\/2025\/09\/20250530_134315-300x158.jpg 300w, https:\/\/adle.kaunokolegija.lt\/en\/wp-content\/uploads\/sites\/3\/2025\/09\/20250530_134315-1024x539.jpg 1024w, https:\/\/adle.kaunokolegija.lt\/en\/wp-content\/uploads\/sites\/3\/2025\/09\/20250530_134315-768x404.jpg 768w, https:\/\/adle.kaunokolegija.lt\/en\/wp-content\/uploads\/sites\/3\/2025\/09\/20250530_134315-1536x808.jpg 1536w, https:\/\/adle.kaunokolegija.lt\/en\/wp-content\/uploads\/sites\/3\/2025\/09\/20250530_134315-410x215.jpg 410w\" sizes=\"auto, (max-width: 1997px) 100vw, 1997px\" \/><\/p>\n<p>&nbsp;<\/p>\n","protected":false},"excerpt":{"rendered":"<p>Art, Design, Languages, Education and Social Work: Innovations in Theory and Practice International Scientific Conference [&hellip;]<\/p>\n","protected":false},"author":1,"featured_media":0,"parent":0,"menu_order":0,"comment_status":"closed","ping_status":"closed","template":"","meta":{"footnotes":""},"class_list":["post-46","page","type-page","status-publish","hentry"],"_links":{"self":[{"href":"https:\/\/adle.kaunokolegija.lt\/en\/wp-json\/wp\/v2\/pages\/46","targetHints":{"allow":["GET"]}}],"collection":[{"href":"https:\/\/adle.kaunokolegija.lt\/en\/wp-json\/wp\/v2\/pages"}],"about":[{"href":"https:\/\/adle.kaunokolegija.lt\/en\/wp-json\/wp\/v2\/types\/page"}],"author":[{"embeddable":true,"href":"https:\/\/adle.kaunokolegija.lt\/en\/wp-json\/wp\/v2\/users\/1"}],"replies":[{"embeddable":true,"href":"https:\/\/adle.kaunokolegija.lt\/en\/wp-json\/wp\/v2\/comments?post=46"}],"version-history":[{"count":80,"href":"https:\/\/adle.kaunokolegija.lt\/en\/wp-json\/wp\/v2\/pages\/46\/revisions"}],"predecessor-version":[{"id":1209,"href":"https:\/\/adle.kaunokolegija.lt\/en\/wp-json\/wp\/v2\/pages\/46\/revisions\/1209"}],"wp:attachment":[{"href":"https:\/\/adle.kaunokolegija.lt\/en\/wp-json\/wp\/v2\/media?parent=46"}],"curies":[{"name":"wp","href":"https:\/\/api.w.org\/{rel}","templated":true}]}}